{"id":126,"date":"2018-01-21T15:34:55","date_gmt":"2018-01-21T14:34:55","guid":{"rendered":"http:\/\/missionpasimpossible.com\/?page_id=126"},"modified":"2018-09-30T13:30:29","modified_gmt":"2018-09-30T11:30:29","slug":"accueil","status":"publish","type":"page","link":"https:\/\/missionpasimpossible.com\/","title":{"rendered":"Accueil"},"content":{"rendered":"<h1 style=\"text-align: center;\">Votre mission, si vous l&rsquo;acceptez,<br \/>\nest de nous rejoindre pour cette nouvelle aventure !<\/h1>\n<figure id=\"attachment_110\" aria-describedby=\"caption-attachment-110\" style=\"width: 792px\" class=\"wp-caption aligncenter\"><img loading=\"lazy\" decoding=\"async\" class=\"size-full wp-image-110\" src=\"https:\/\/missionpasimpossible.com\/wp-content\/uploads\/2018\/01\/nuage1.png\" alt=\"Oser Cr\u00e9er Art Exposition Partage Mots\" width=\"792\" height=\"506\" srcset=\"https:\/\/missionpasimpossible.com\/wp-content\/uploads\/2018\/01\/nuage1.png 792w, https:\/\/missionpasimpossible.com\/wp-content\/uploads\/2018\/01\/nuage1-600x383.png 600w, https:\/\/missionpasimpossible.com\/wp-content\/uploads\/2018\/01\/nuage1-300x192.png 300w, https:\/\/missionpasimpossible.com\/wp-content\/uploads\/2018\/01\/nuage1-768x491.png 768w\" sizes=\"auto, (max-width: 792px) 100vw, 792px\" \/><figcaption id=\"caption-attachment-110\" class=\"wp-caption-text\">Nuage des mots qui constituent la philosophie de Mission pas Impossible<\/figcaption><\/figure>\n<p style=\"text-align: justify;\"><strong>Les supports de l&rsquo;expression artistique sont infinis :<\/strong> peinture, sculpture, arts urbains, ateliers culinaires, \u00e9criture, photographie et arts num\u00e9riques, expression lib\u00e9r\u00e9e par le th\u00e9\u00e2tre, ateliers d&rsquo;art-th\u00e9rapie en initiation aux arts plastiques, entre autres&#8230;<\/p>\n<p style=\"text-align: justify;\">Mission pas Impossible d\u00e9sire rompre l&rsquo;isolement et r\u00e9duire la distance entre artistes et \u00ab\u00a0non artistes\u00a0\u00bb, <strong>la diff\u00e9rence n&rsquo;existe pas dans le partage et la joie de cr\u00e9er ensemble !<\/strong><\/p>\n<p style=\"text-align: justify;\">Visitez ce site comme on visite un atelier, promenez-vous sans contraintes dans un univers d&rsquo;arts pluriels et n&rsquo;h\u00e9sitez pas \u00e0 nous demander tout ce que vous avez toujours voulu savoir sur le pouvoir Cr\u00e9atif sans avoir os\u00e9 le demander, notre mission principale est de vous r\u00e9pondre !<\/p>\n","protected":false},"excerpt":{"rendered":"<p>Votre mission, si vous l&rsquo;acceptez, est de nous rejoindre pour cette nouvelle aventure ! Les supports de l&rsquo;expression artistique sont infinis : peinture, sculpture, arts urbains, ateliers culinaires, \u00e9criture, photographie [&hellip;]<\/p>\n","protected":false},"author":1,"featured_media":0,"parent":0,"menu_order":0,"comment_status":"closed","ping_status":"closed","template":"","meta":{"sfsi_plus_gutenberg_text_before_share":"","sfsi_plus_gutenberg_show_text_before_share":"","sfsi_plus_gutenberg_icon_type":"","sfsi_plus_gutenberg_icon_alignemt":"","sfsi_plus_gutenburg_max_per_row":"","footnotes":""},"class_list":["post-126","page","type-page","status-publish","hentry"],"aioseo_notices":[],"_links":{"self":[{"href":"https:\/\/missionpasimpossible.com\/index.php?rest_route=\/wp\/v2\/pages\/126","targetHints":{"allow":["GET"]}}],"collection":[{"href":"https:\/\/missionpasimpossible.com\/index.php?rest_route=\/wp\/v2\/pages"}],"about":[{"href":"https:\/\/missionpasimpossible.com\/index.php?rest_route=\/wp\/v2\/types\/page"}],"author":[{"embeddable":true,"href":"https:\/\/missionpasimpossible.com\/index.php?rest_route=\/wp\/v2\/users\/1"}],"replies":[{"embeddable":true,"href":"https:\/\/missionpasimpossible.com\/index.php?rest_route=%2Fwp%2Fv2%2Fcomments&post=126"}],"version-history":[{"count":4,"href":"https:\/\/missionpasimpossible.com\/index.php?rest_route=\/wp\/v2\/pages\/126\/revisions"}],"predecessor-version":[{"id":429,"href":"https:\/\/missionpasimpossible.com\/index.php?rest_route=\/wp\/v2\/pages\/126\/revisions\/429"}],"wp:attachment":[{"href":"https:\/\/missionpasimpossible.com\/index.php?rest_route=%2Fwp%2Fv2%2Fmedia&parent=126"}],"curies":[{"name":"wp","href":"https:\/\/api.w.org\/{rel}","templated":true}]}}