{"id":376,"date":"2018-09-01T16:30:11","date_gmt":"2018-09-01T14:30:11","guid":{"rendered":"https:\/\/missionpasimpossible.com\/?page_id=376"},"modified":"2018-09-01T16:39:26","modified_gmt":"2018-09-01T14:39:26","slug":"fernando-asian","status":"publish","type":"page","link":"https:\/\/missionpasimpossible.com\/?page_id=376","title":{"rendered":"Fernando Asian"},"content":{"rendered":"<h2 class=\"tw-data-text tw-ta tw-text-small\" dir=\"ltr\" data-placeholder=\"Traduction\"><span lang=\"fr\">Fernando Asi\u00e1n (n\u00e9 en 1951) est un artiste hispano-v\u00e9n\u00e9zu\u00e9lien.<\/span><\/h2>\n<p class=\"tw-data-text tw-ta tw-text-small\" dir=\"ltr\" data-placeholder=\"Traduction\"><span lang=\"fr\"><br \/>\n<\/span><span lang=\"fr\">Il \u00e9tait un \u00e9crivain pour la bande dessin\u00e9e de Chiqui de la Fuente. De cette premi\u00e8re collaboration se sont d\u00e9velopp\u00e9s de nombreux autres, dont les s\u00e9ries \u00ab\u00a0Genicabra\u00a0\u00bb et \u00ab\u00a0Gag\u00a0\u00bb pour la Barcelona Gazette Junior.<\/span><\/p>\n<p class=\"tw-data-text tw-ta tw-text-small\" dir=\"ltr\" data-placeholder=\"Traduction\"><span lang=\"fr\">Il a \u00e9t\u00e9 le fondateur du suppl\u00e9ment El Cuco Sunday du Madrid Diario Pueblo, introduisant des s\u00e9ries telles que \u00ab\u00a0El So\u00f1ador\u00a0\u00bb et \u00ab\u00a0XB1\u00a0\u00bb.<\/span><\/p>\n<p class=\"tw-data-text tw-ta tw-text-small\" dir=\"ltr\" data-placeholder=\"Traduction\"><span lang=\"fr\">Il a \u00e9crit la premi\u00e8re bande dessin\u00e9e anti-guerre sous l&rsquo;Espagne de Franco. Quand il a refus\u00e9 de s&rsquo;engager dans la r\u00e9daction, il a d\u00e9m\u00e9nag\u00e9 en Angleterre, publiant ses travaux sur les magazines BBC et IPC.<\/span><\/p>\n<p class=\"tw-data-text tw-ta tw-text-small\" dir=\"ltr\" data-placeholder=\"Traduction\"><span lang=\"fr\">A travers les artistes de SI et Temple Art \u00e0 Londres, il collabore \u00e0 l&rsquo;international, notamment avec \u00ab\u00a0Zodiac\u00a0\u00bb et \u00ab\u00a0Johannes\u00a0\u00bb publi\u00e9s dans le magazine Tarot.<\/span><\/p>\n<p dir=\"ltr\" data-placeholder=\"Traduction\">Actuellement, Fernando vit au V\u00e9n\u00e9zu\u00e9la, il est membre d&rsquo;honneur de Mission pas Impossible !<\/p>\n<pre class=\"tw-data-text tw-ta tw-text-small\" dir=\"ltr\" data-placeholder=\"Traduction\" data-fulltext=\"\"><span lang=\"fr\">\u00a0<\/span><\/pre>\n<figure id=\"attachment_371\" aria-describedby=\"caption-attachment-371\" style=\"width: 960px\" class=\"wp-caption alignnone\"><img loading=\"lazy\" decoding=\"async\" class=\"size-full wp-image-371\" src=\"https:\/\/missionpasimpossible.com\/wp-content\/uploads\/2018\/09\/Fernando_1.jpg\" alt=\"\" width=\"960\" height=\"758\" srcset=\"https:\/\/missionpasimpossible.com\/wp-content\/uploads\/2018\/09\/Fernando_1.jpg 960w, https:\/\/missionpasimpossible.com\/wp-content\/uploads\/2018\/09\/Fernando_1-300x237.jpg 300w, https:\/\/missionpasimpossible.com\/wp-content\/uploads\/2018\/09\/Fernando_1-768x606.jpg 768w, https:\/\/missionpasimpossible.com\/wp-content\/uploads\/2018\/09\/Fernando_1-600x474.jpg 600w\" sizes=\"auto, (max-width: 960px) 100vw, 960px\" \/><figcaption id=\"caption-attachment-371\" class=\"wp-caption-text\">Dessin \u00e0 l&rsquo;encre sur papier de Fernando Asian, encadr\u00e9 et en vente \u00e0 la boutique.<\/figcaption><\/figure>\n","protected":false},"excerpt":{"rendered":"<p>Fernando Asi\u00e1n (n\u00e9 en 1951) est un artiste hispano-v\u00e9n\u00e9zu\u00e9lien. Il \u00e9tait un \u00e9crivain pour la bande dessin\u00e9e de Chiqui de la Fuente. De cette premi\u00e8re collaboration se sont d\u00e9velopp\u00e9s de [&hellip;]<\/p>\n","protected":false},"author":1,"featured_media":371,"parent":8,"menu_order":2,"comment_status":"closed","ping_status":"closed","template":"","meta":{"sfsi_plus_gutenberg_text_before_share":"","sfsi_plus_gutenberg_show_text_before_share":"","sfsi_plus_gutenberg_icon_type":"","sfsi_plus_gutenberg_icon_alignemt":"","sfsi_plus_gutenburg_max_per_row":"","footnotes":""},"class_list":["post-376","page","type-page","status-publish","has-post-thumbnail","hentry"],"aioseo_notices":[],"_links":{"self":[{"href":"https:\/\/missionpasimpossible.com\/index.php?rest_route=\/wp\/v2\/pages\/376","targetHints":{"allow":["GET"]}}],"collection":[{"href":"https:\/\/missionpasimpossible.com\/index.php?rest_route=\/wp\/v2\/pages"}],"about":[{"href":"https:\/\/missionpasimpossible.com\/index.php?rest_route=\/wp\/v2\/types\/page"}],"author":[{"embeddable":true,"href":"https:\/\/missionpasimpossible.com\/index.php?rest_route=\/wp\/v2\/users\/1"}],"replies":[{"embeddable":true,"href":"https:\/\/missionpasimpossible.com\/index.php?rest_route=%2Fwp%2Fv2%2Fcomments&post=376"}],"version-history":[{"count":3,"href":"https:\/\/missionpasimpossible.com\/index.php?rest_route=\/wp\/v2\/pages\/376\/revisions"}],"predecessor-version":[{"id":383,"href":"https:\/\/missionpasimpossible.com\/index.php?rest_route=\/wp\/v2\/pages\/376\/revisions\/383"}],"up":[{"embeddable":true,"href":"https:\/\/missionpasimpossible.com\/index.php?rest_route=\/wp\/v2\/pages\/8"}],"wp:featuredmedia":[{"embeddable":true,"href":"https:\/\/missionpasimpossible.com\/index.php?rest_route=\/wp\/v2\/media\/371"}],"wp:attachment":[{"href":"https:\/\/missionpasimpossible.com\/index.php?rest_route=%2Fwp%2Fv2%2Fmedia&parent=376"}],"curies":[{"name":"wp","href":"https:\/\/api.w.org\/{rel}","templated":true}]}}