{"id":47,"date":"2018-01-07T17:19:55","date_gmt":"2018-01-07T16:19:55","guid":{"rendered":"http:\/\/missionpasimpossible.com\/?page_id=47"},"modified":"2018-09-02T20:42:07","modified_gmt":"2018-09-02T18:42:07","slug":"adhesion","status":"publish","type":"page","link":"https:\/\/missionpasimpossible.com\/?page_id=47","title":{"rendered":"Adh\u00e9sion"},"content":{"rendered":"<h1><span style=\"color: #333399;\">Votre mission si vous l&rsquo;acceptez, est de nous rejoindre pour cette nouvelle aventure !<\/span><\/h1>\n<h3>Un choix de plusieurs adh\u00e9sions pour une ann\u00e9e :<\/h3>\n<ul>\n<li><strong><span style=\"color: #333399;\">10\u20ac<\/span> : Adh\u00e9rents Amis<\/strong>, vous voulez soutenir notre aventure mais le temps vous manque, <strong><a href=\"http:\/\/missionpasimpossible.com\/index.php\/produit\/adhesion-simple\/\">votre adh\u00e9sion en ligne<\/a> <\/strong>est d\u00e9j\u00e0 un premier pas !<\/li>\n<li><strong><span style=\"color: #333399;\">50\u20ac<\/span> : Membres Actifs<\/strong>, vous voulez participer, proposer, aider ? Vous \u00eates inform\u00e9s et invit\u00e9s en avant-premi\u00e8re \u00e0 nos \u00e9v\u00e9nements, votre voix et vos id\u00e9es sont importantes et vous participez aux Assembl\u00e9es G\u00e9n\u00e9rales. Ainsi que pour nos partenaires associatifs et priv\u00e9s, cette adh\u00e9sion se fait sur lettre de motivation par le formulaire de contact.<\/li>\n<li><strong><span style=\"color: #333399;\">50\u20ac<\/span> : Artistes Actifs<\/strong>, selon votre pratique artistique, nous vous proposons l&rsquo;exclusivit\u00e9 de nos services durant la dur\u00e9e de votre adh\u00e9sion, la s\u00e9lection automatique aux \u00e9v\u00e9nements pouvant vous convenir et permettant la meilleure mise en valeur de vos \u0153uvres, cette adh\u00e9sion se fait sur lettre de motivation par le formulaire de contact. Rencontrons-nous !<\/li>\n<li><span style=\"color: #333399;\"><strong>50\u20ac + 500 \u20ac <\/strong><\/span>de droit d&rsquo;entr\u00e9e et parution,<strong> les Membres Bienfaiteurs<\/strong> d\u00e9sirent devenir m\u00e9c\u00e8nes de nos actions et nous les en remercions, cette adh\u00e9sion se fait sur prise de rendez-vous.<\/li>\n<li><strong><span style=\"color: #333399;\">1000\u20ac<\/span> et plus : les Membres d&rsquo;Honneur<\/strong> nous sponsorisent gr\u00e2ce \u00e0 des services ou des dons mat\u00e9riels.<\/li>\n<\/ul>\n<p><span style=\"color: #333399;\"><strong>Un tarif social de 10\u20ac pour 2 ans<\/strong><\/span> est propos\u00e9 sur justificatifs, l&rsquo;important c&rsquo;est de participer !<\/p>\n<p>&nbsp;<\/p>\n","protected":false},"excerpt":{"rendered":"<p>Votre mission si vous l&rsquo;acceptez, est de nous rejoindre pour cette nouvelle aventure ! Un choix de plusieurs adh\u00e9sions pour une ann\u00e9e : 10\u20ac : Adh\u00e9rents Amis, vous voulez soutenir [&hellip;]<\/p>\n","protected":false},"author":1,"featured_media":48,"parent":0,"menu_order":0,"comment_status":"closed","ping_status":"closed","template":"","meta":{"sfsi_plus_gutenberg_text_before_share":"","sfsi_plus_gutenberg_show_text_before_share":"","sfsi_plus_gutenberg_icon_type":"","sfsi_plus_gutenberg_icon_alignemt":"","sfsi_plus_gutenburg_max_per_row":"","footnotes":""},"class_list":["post-47","page","type-page","status-publish","has-post-thumbnail","hentry"],"aioseo_notices":[],"_links":{"self":[{"href":"https:\/\/missionpasimpossible.com\/index.php?rest_route=\/wp\/v2\/pages\/47","targetHints":{"allow":["GET"]}}],"collection":[{"href":"https:\/\/missionpasimpossible.com\/index.php?rest_route=\/wp\/v2\/pages"}],"about":[{"href":"https:\/\/missionpasimpossible.com\/index.php?rest_route=\/wp\/v2\/types\/page"}],"author":[{"embeddable":true,"href":"https:\/\/missionpasimpossible.com\/index.php?rest_route=\/wp\/v2\/users\/1"}],"replies":[{"embeddable":true,"href":"https:\/\/missionpasimpossible.com\/index.php?rest_route=%2Fwp%2Fv2%2Fcomments&post=47"}],"version-history":[{"count":8,"href":"https:\/\/missionpasimpossible.com\/index.php?rest_route=\/wp\/v2\/pages\/47\/revisions"}],"predecessor-version":[{"id":227,"href":"https:\/\/missionpasimpossible.com\/index.php?rest_route=\/wp\/v2\/pages\/47\/revisions\/227"}],"wp:featuredmedia":[{"embeddable":true,"href":"https:\/\/missionpasimpossible.com\/index.php?rest_route=\/wp\/v2\/media\/48"}],"wp:attachment":[{"href":"https:\/\/missionpasimpossible.com\/index.php?rest_route=%2Fwp%2Fv2%2Fmedia&parent=47"}],"curies":[{"name":"wp","href":"https:\/\/api.w.org\/{rel}","templated":true}]}}