{"id":60,"date":"2018-01-07T17:35:37","date_gmt":"2018-01-07T16:35:37","guid":{"rendered":"http:\/\/missionpasimpossible.com\/?page_id=60"},"modified":"2018-01-26T12:06:07","modified_gmt":"2018-01-26T11:06:07","slug":"events-2","status":"publish","type":"page","link":"https:\/\/missionpasimpossible.com\/?page_id=60&lang=en","title":{"rendered":"Events"},"content":{"rendered":"<h1 id=\"tw-target-text\" class=\"tw-data-text tw-ta tw-text-small\" dir=\"ltr\" style=\"text-align: center;\" data-placeholder=\"Traduction\"><span lang=\"en\"><a href=\"http:\/\/missionpasimpossible.com\/index.php\/events\/\">Events<\/a>, exhibitions, workshops, actions &#8230;<\/span><\/h1>\n<h3 class=\"tw-data-text tw-ta tw-text-small\" dir=\"ltr\" style=\"text-align: center;\" data-placeholder=\"Traduction\"><span lang=\"en\"><br \/>\nEverything that \u00ab\u00a0shakes the neurons\u00a0\u00bb and is good for the eyes!<\/span><\/h3>\n<figure id=\"attachment_342\" aria-describedby=\"caption-attachment-342\" style=\"width: 536px\" class=\"wp-caption aligncenter\"><img loading=\"lazy\" decoding=\"async\" class=\"wp-image-342\" src=\"http:\/\/missionpasimpossible.com\/wp-content\/uploads\/2018\/01\/DDDA3bd.png\" alt=\"exposition, colors, gallery\" width=\"536\" height=\"757\" srcset=\"https:\/\/missionpasimpossible.com\/wp-content\/uploads\/2018\/01\/DDDA3bd.png 842w, https:\/\/missionpasimpossible.com\/wp-content\/uploads\/2018\/01\/DDDA3bd-600x849.png 600w, https:\/\/missionpasimpossible.com\/wp-content\/uploads\/2018\/01\/DDDA3bd-212x300.png 212w, https:\/\/missionpasimpossible.com\/wp-content\/uploads\/2018\/01\/DDDA3bd-768x1086.png 768w, https:\/\/missionpasimpossible.com\/wp-content\/uploads\/2018\/01\/DDDA3bd-724x1024.png 724w, https:\/\/missionpasimpossible.com\/wp-content\/uploads\/2018\/01\/DDDA3bd-543x768.png 543w\" sizes=\"auto, (max-width: 536px) 100vw, 536px\" \/><figcaption id=\"caption-attachment-342\" class=\"wp-caption-text\">Affiche r\u00e9alis\u00e9e pour l&rsquo;\u00e9v\u00e9nement exposition des \u00ab\u00a03 Dr\u00f4les de Dames Artistiques\u00a0\u00bb<\/figcaption><\/figure>\n","protected":false},"excerpt":{"rendered":"<p>Events, exhibitions, workshops, actions &#8230; Everything that \u00ab\u00a0shakes the neurons\u00a0\u00bb and is good for the eyes!<\/p>\n","protected":false},"author":1,"featured_media":0,"parent":0,"menu_order":0,"comment_status":"closed","ping_status":"closed","template":"","meta":{"sfsi_plus_gutenberg_text_before_share":"","sfsi_plus_gutenberg_show_text_before_share":"","sfsi_plus_gutenberg_icon_type":"","sfsi_plus_gutenberg_icon_alignemt":"","sfsi_plus_gutenburg_max_per_row":"","footnotes":""},"class_list":["post-60","page","type-page","status-publish","hentry"],"aioseo_notices":[],"_links":{"self":[{"href":"https:\/\/missionpasimpossible.com\/index.php?rest_route=\/wp\/v2\/pages\/60","targetHints":{"allow":["GET"]}}],"collection":[{"href":"https:\/\/missionpasimpossible.com\/index.php?rest_route=\/wp\/v2\/pages"}],"about":[{"href":"https:\/\/missionpasimpossible.com\/index.php?rest_route=\/wp\/v2\/types\/page"}],"author":[{"embeddable":true,"href":"https:\/\/missionpasimpossible.com\/index.php?rest_route=\/wp\/v2\/users\/1"}],"replies":[{"embeddable":true,"href":"https:\/\/missionpasimpossible.com\/index.php?rest_route=%2Fwp%2Fv2%2Fcomments&post=60"}],"version-history":[{"count":5,"href":"https:\/\/missionpasimpossible.com\/index.php?rest_route=\/wp\/v2\/pages\/60\/revisions"}],"predecessor-version":[{"id":358,"href":"https:\/\/missionpasimpossible.com\/index.php?rest_route=\/wp\/v2\/pages\/60\/revisions\/358"}],"wp:attachment":[{"href":"https:\/\/missionpasimpossible.com\/index.php?rest_route=%2Fwp%2Fv2%2Fmedia&parent=60"}],"curies":[{"name":"wp","href":"https:\/\/api.w.org\/{rel}","templated":true}]}}