{"id":75,"date":"2018-01-07T18:27:50","date_gmt":"2018-01-07T17:27:50","guid":{"rendered":"http:\/\/missionpasimpossible.com\/?page_id=75"},"modified":"2018-09-01T16:47:55","modified_gmt":"2018-09-01T14:47:55","slug":"gallery","status":"publish","type":"page","link":"https:\/\/missionpasimpossible.com\/?page_id=75&lang=en","title":{"rendered":"Gallery"},"content":{"rendered":"<h3 id=\"tw-target-text\" class=\"tw-data-text tw-ta tw-text-small\" dir=\"ltr\" style=\"text-align: center;\" data-placeholder=\"Traduction\"><span lang=\"en\">A mix of works, sculptures, digital prints, drawings, all the artistic diversity of the creations of each artist who adheres to Mission pas Impossible.<\/span><\/h3>\n<p class=\"tw-data-text tw-ta tw-text-small\" dir=\"ltr\" style=\"text-align: center;\" data-placeholder=\"Traduction\"><span lang=\"en\">As the memberships change, the gallery changes its images, but we always keep one page per artist, because links and memories are important and enrich the creative process.<\/span><\/p>\n<p dir=\"ltr\" data-placeholder=\"Traduction\">\n<p style=\"text-align: center;\">\r\n\t\t\t\t\t\n\r\n\t\t\t\t\t<!-- START UNITE GALLERY 1.7.62 -->\r\n\t\t\t\t\t\r\n\t\t\t\t\n\t\t\t<div id='unitegallery_1_1' class='unite-gallery' style='margin:0px auto;'>\n\t\t\t\t\n\n\t\t\t\t\t\t<a href=\"https:\/\/missionpasimpossible.com\/index.php\/2017\/11\/24\/le-premier-mur-transmission\/\">\n\t\t\t\t\t\t<img alt=\"Le mur #transmission \u00e0 Paris XIII\"\n\t\t\t\t\t\t     src=\"\" data-image=\"https:\/\/missionpasimpossible.com\/wp-content\/uploads\/2018\/01\/mur3.png\"\n\t\t\t\t\t\t     data-thumb=\"https:\/\/missionpasimpossible.com\/wp-content\/uploads\/2018\/01\/mur3-300x101.png\"\n\t\t\t\t\t\t     title=\"une des photos finales de la r\u00e9alisation du mur transmission\"\n\t\t\t\t\t\t     style=\"display:none\">\n\t\t\t\t\t\t<\/a>\n\n\t\t\t\t\t\t<a href=\"https:\/\/missionpasimpossible.com\/index.php\/artistes\/fernando-asian\/\">\n\t\t\t\t\t\t<img alt=\"Dessin \u00e0 l'encre sur papier par Fernando Asian : Corneille\"\n\t\t\t\t\t\t     src=\"\" data-image=\"https:\/\/missionpasimpossible.com\/wp-content\/uploads\/2018\/09\/Fernando_4.jpg\"\n\t\t\t\t\t\t     data-thumb=\"https:\/\/missionpasimpossible.com\/wp-content\/uploads\/2018\/09\/Fernando_4-300x281.jpg\"\n\t\t\t\t\t\t     title=\"\"\n\t\t\t\t\t\t     style=\"display:none\">\n\t\t\t\t\t\t<\/a>\n\n\t\t\t\t\t\t<a href=\"https:\/\/missionpasimpossible.com\/index.php\/2017\/11\/24\/le-premier-mur-transmission\/\">\n\t\t\t\t\t\t<img alt=\"D\u00e9tail du Lotus - Mur #transmission - Paris XIII\"\n\t\t\t\t\t\t     src=\"\" data-image=\"https:\/\/missionpasimpossible.com\/wp-content\/uploads\/2018\/01\/mur2.png\"\n\t\t\t\t\t\t     data-thumb=\"https:\/\/missionpasimpossible.com\/wp-content\/uploads\/2018\/01\/mur2-165x300.png\"\n\t\t\t\t\t\t     title=\"\"\n\t\t\t\t\t\t     style=\"display:none\">\n\t\t\t\t\t\t<\/a>\n\n\t\t\t\t\t\t<a href=\"https:\/\/missionpasimpossible.com\/index.php\/2017\/11\/24\/le-premier-mur-transmission\/\">\n\t\t\t\t\t\t<img alt=\"Le mur #transmission \u00e0 Paris XIII - en cours !\"\n\t\t\t\t\t\t     src=\"\" data-image=\"https:\/\/missionpasimpossible.com\/wp-content\/uploads\/2018\/01\/mur1.png\"\n\t\t\t\t\t\t     data-thumb=\"https:\/\/missionpasimpossible.com\/wp-content\/uploads\/2018\/01\/mur1-225x300.png\"\n\t\t\t\t\t\t     title=\"\"\n\t\t\t\t\t\t     style=\"display:none\">\n\t\t\t\t\t\t<\/a>\n\n\t\t\t\t\t\t<img alt=\"Cr\u00e9ation des Elixirs, une des \u00e9tiquettes cr\u00e9\u00e9es par chaque artiste.\"\n\t\t\t\t\t\t     src=\"\" data-image=\"https:\/\/missionpasimpossible.com\/wp-content\/uploads\/2018\/01\/elixirCelia.png\"\n\t\t\t\t\t\t     data-thumb=\"https:\/\/missionpasimpossible.com\/wp-content\/uploads\/2018\/01\/elixirCelia-243x300.png\"\n\t\t\t\t\t\t     title=\"\"\n\t\t\t\t\t\t     style=\"display:none\">\n\n\t\t\t\t\t\t<img alt=\"Les Elixirs en vente au cours d'une Exposition\"\n\t\t\t\t\t\t     src=\"\" data-image=\"https:\/\/missionpasimpossible.com\/wp-content\/uploads\/2018\/01\/ExpoElixirs.png\"\n\t\t\t\t\t\t     data-thumb=\"https:\/\/missionpasimpossible.com\/wp-content\/uploads\/2018\/01\/ExpoElixirs-300x225.png\"\n\t\t\t\t\t\t     title=\"\"\n\t\t\t\t\t\t     style=\"display:none\">\n\n\t\t\t\t\t\t<a href=\"https:\/\/missionpasimpossible.com\/index.php\/artistes\/fernando-asian\/\">\n\t\t\t\t\t\t<img alt=\"Dessin \u00e0 l'encre sur papier par Fernando Asian : Iguane\"\n\t\t\t\t\t\t     src=\"\" data-image=\"https:\/\/missionpasimpossible.com\/wp-content\/uploads\/2018\/09\/Fernando_2.jpg\"\n\t\t\t\t\t\t     data-thumb=\"https:\/\/missionpasimpossible.com\/wp-content\/uploads\/2018\/09\/Fernando_2-300x269.jpg\"\n\t\t\t\t\t\t     title=\"\"\n\t\t\t\t\t\t     style=\"display:none\">\n\t\t\t\t\t\t<\/a>\n\n\t\t\t\t\t\t<img alt=\"L'Exposition 3 Dr\u00f4les de Dames artistiques, la vitrine\"\n\t\t\t\t\t\t     src=\"\" data-image=\"https:\/\/missionpasimpossible.com\/wp-content\/uploads\/2018\/01\/ExpoVitrine.png\"\n\t\t\t\t\t\t     data-thumb=\"https:\/\/missionpasimpossible.com\/wp-content\/uploads\/2018\/01\/ExpoVitrine-300x168.png\"\n\t\t\t\t\t\t     title=\"\"\n\t\t\t\t\t\t     style=\"display:none\">\n\n\t\t\t\t\t\t<a href=\"https:\/\/missionpasimpossible.com\/index.php\/marie-a-c\/\">\n\t\t\t\t\t\t<img alt=\"Un des pastels \u00e0 l'huile sur papier de Marie\"\n\t\t\t\t\t\t     src=\"\" data-image=\"https:\/\/missionpasimpossible.com\/wp-content\/uploads\/2018\/01\/MarieAC1.png\"\n\t\t\t\t\t\t     data-thumb=\"https:\/\/missionpasimpossible.com\/wp-content\/uploads\/2018\/01\/MarieAC1-239x300.png\"\n\t\t\t\t\t\t     title=\"\"\n\t\t\t\t\t\t     style=\"display:none\">\n\t\t\t\t\t\t<\/a>\n\n\t\t\t\t\t\t<img alt=\"Toile de NightmareOrDreams : acrylique et gesso\"\n\t\t\t\t\t\t     src=\"\" data-image=\"https:\/\/missionpasimpossible.com\/wp-content\/uploads\/2018\/01\/nod1.jpg\"\n\t\t\t\t\t\t     data-thumb=\"https:\/\/missionpasimpossible.com\/wp-content\/uploads\/2018\/01\/nod1-300x300.jpg\"\n\t\t\t\t\t\t     title=\"\"\n\t\t\t\t\t\t     style=\"display:none\">\n\n\t\t\t\t\t\t<img alt=\"Un des nombreux Instagrams de l'Univers de Morgane Melody\"\n\t\t\t\t\t\t     src=\"\" data-image=\"https:\/\/missionpasimpossible.com\/wp-content\/uploads\/2018\/01\/insta1.jpg\"\n\t\t\t\t\t\t     data-thumb=\"https:\/\/missionpasimpossible.com\/wp-content\/uploads\/2018\/01\/insta1.jpg\"\n\t\t\t\t\t\t     title=\"\"\n\t\t\t\t\t\t     style=\"display:none\">\n\n\t\t\t\t\t\t<img alt=\"Un des nombreux Instagrams de l'Univers de Morgane Melody\"\n\t\t\t\t\t\t     src=\"\" data-image=\"https:\/\/missionpasimpossible.com\/wp-content\/uploads\/2018\/01\/insta2.jpg\"\n\t\t\t\t\t\t     data-thumb=\"https:\/\/missionpasimpossible.com\/wp-content\/uploads\/2018\/01\/insta2.jpg\"\n\t\t\t\t\t\t     title=\"\"\n\t\t\t\t\t\t     style=\"display:none\">\n\n\t\t\t\t\t\t<a href=\"https:\/\/missionpasimpossible.com\/index.php\/artistes\/fernando-asian\/\">\n\t\t\t\t\t\t<img alt=\"Dessin \u00e0 l'encre sur papier par Fernando Asian : Iguane\"\n\t\t\t\t\t\t     src=\"\" data-image=\"https:\/\/missionpasimpossible.com\/wp-content\/uploads\/2018\/09\/Fernando_3.jpg\"\n\t\t\t\t\t\t     data-thumb=\"https:\/\/missionpasimpossible.com\/wp-content\/uploads\/2018\/09\/Fernando_3-300x270.jpg\"\n\t\t\t\t\t\t     title=\"\"\n\t\t\t\t\t\t     style=\"display:none\">\n\t\t\t\t\t\t<\/a>\n\n\t\t\t\t\t\t<img alt=\"Un des nombreux Instagrams de l'Univers de Morgane Melody\"\n\t\t\t\t\t\t     src=\"\" data-image=\"https:\/\/missionpasimpossible.com\/wp-content\/uploads\/2018\/01\/insta3.jpg\"\n\t\t\t\t\t\t     data-thumb=\"https:\/\/missionpasimpossible.com\/wp-content\/uploads\/2018\/01\/insta3.jpg\"\n\t\t\t\t\t\t     title=\"\"\n\t\t\t\t\t\t     style=\"display:none\">\n\t\t\t<\/div>\n\n\t\t\t<script type='text\/javascript'>\n\t\t\t\twindow.onload = function(e) {\n\t\t\t\t\tif(typeof ugCheckForErrors == \"undefined\"){\n\t\t\t\t\t\tdocument.getElementById(\"unitegallery_1_1\").innerHTML = \"<span style='color:red'>Unite Gallery Error - gallery js and css files not included in the footer. Please make sure that wp_footer() function is added to your theme.<\/span>\";}\n\t\t\t\t\telse{ ugCheckForErrors(\"unitegallery_1_1\", \"jquery\");}\n\t\t\t\t};\n\t\t\t<\/script>\n\n\t\t\t<!-- END UNITEGALLERY --><\/p>\n","protected":false},"excerpt":{"rendered":"<p>A mix of works, sculptures, digital prints, drawings, all the artistic diversity of the creations of each artist who adheres to Mission pas Impossible. As the memberships change, the gallery [&hellip;]<\/p>\n","protected":false},"author":1,"featured_media":0,"parent":0,"menu_order":0,"comment_status":"closed","ping_status":"closed","template":"","meta":{"sfsi_plus_gutenberg_text_before_share":"","sfsi_plus_gutenberg_show_text_before_share":"","sfsi_plus_gutenberg_icon_type":"","sfsi_plus_gutenberg_icon_alignemt":"","sfsi_plus_gutenburg_max_per_row":"","footnotes":""},"class_list":["post-75","page","type-page","status-publish","hentry"],"aioseo_notices":[],"_links":{"self":[{"href":"https:\/\/missionpasimpossible.com\/index.php?rest_route=\/wp\/v2\/pages\/75","targetHints":{"allow":["GET"]}}],"collection":[{"href":"https:\/\/missionpasimpossible.com\/index.php?rest_route=\/wp\/v2\/pages"}],"about":[{"href":"https:\/\/missionpasimpossible.com\/index.php?rest_route=\/wp\/v2\/types\/page"}],"author":[{"embeddable":true,"href":"https:\/\/missionpasimpossible.com\/index.php?rest_route=\/wp\/v2\/users\/1"}],"replies":[{"embeddable":true,"href":"https:\/\/missionpasimpossible.com\/index.php?rest_route=%2Fwp%2Fv2%2Fcomments&post=75"}],"version-history":[{"count":4,"href":"https:\/\/missionpasimpossible.com\/index.php?rest_route=\/wp\/v2\/pages\/75\/revisions"}],"predecessor-version":[{"id":389,"href":"https:\/\/missionpasimpossible.com\/index.php?rest_route=\/wp\/v2\/pages\/75\/revisions\/389"}],"wp:attachment":[{"href":"https:\/\/missionpasimpossible.com\/index.php?rest_route=%2Fwp%2Fv2%2Fmedia&parent=75"}],"curies":[{"name":"wp","href":"https:\/\/api.w.org\/{rel}","templated":true}]}}