{"id":8,"date":"2018-01-03T17:32:09","date_gmt":"2018-01-03T16:32:09","guid":{"rendered":"http:\/\/missionpasimpossible.com\/?page_id=8"},"modified":"2018-09-02T20:45:04","modified_gmt":"2018-09-02T18:45:04","slug":"artistes","status":"publish","type":"page","link":"https:\/\/missionpasimpossible.com\/?page_id=8","title":{"rendered":"Artistes"},"content":{"rendered":"<h2 style=\"text-align: center;\">Des cr\u00e9ateurs, des fous, des g\u00e9nies, des tranquilles&#8230; tous Missionnaires de l&rsquo;Impossible pour vous faire partager leur pouvoir cr\u00e9atif.<\/h2>\n<figure id=\"attachment_97\" aria-describedby=\"caption-attachment-97\" style=\"width: 1500px\" class=\"wp-caption alignnone\"><img loading=\"lazy\" decoding=\"async\" class=\"size-full wp-image-97\" src=\"http:\/\/missionpasimpossible.com\/wp-content\/uploads\/2018\/01\/front4.png\" alt=\"Exposition Art spray-can sur toiles posca et photos\" width=\"1500\" height=\"450\" srcset=\"https:\/\/missionpasimpossible.com\/wp-content\/uploads\/2018\/01\/front4.png 1500w, https:\/\/missionpasimpossible.com\/wp-content\/uploads\/2018\/01\/front4-600x180.png 600w, https:\/\/missionpasimpossible.com\/wp-content\/uploads\/2018\/01\/front4-300x90.png 300w, https:\/\/missionpasimpossible.com\/wp-content\/uploads\/2018\/01\/front4-768x230.png 768w, https:\/\/missionpasimpossible.com\/wp-content\/uploads\/2018\/01\/front4-1024x307.png 1024w\" sizes=\"auto, (max-width: 1500px) 100vw, 1500px\" \/><figcaption id=\"caption-attachment-97\" class=\"wp-caption-text\">Exposition de Morgane Melody en D\u00e9cembre 2017 en Galerie<\/figcaption><\/figure>\n","protected":false},"excerpt":{"rendered":"<p>Des cr\u00e9ateurs, des fous, des g\u00e9nies, des tranquilles&#8230; tous Missionnaires de l&rsquo;Impossible pour vous faire partager leur pouvoir cr\u00e9atif.<\/p>\n","protected":false},"author":1,"featured_media":0,"parent":0,"menu_order":0,"comment_status":"closed","ping_status":"closed","template":"","meta":{"sfsi_plus_gutenberg_text_before_share":"","sfsi_plus_gutenberg_show_text_before_share":"","sfsi_plus_gutenberg_icon_type":"","sfsi_plus_gutenberg_icon_alignemt":"","sfsi_plus_gutenburg_max_per_row":"","footnotes":""},"class_list":["post-8","page","type-page","status-publish","hentry"],"aioseo_notices":[],"_links":{"self":[{"href":"https:\/\/missionpasimpossible.com\/index.php?rest_route=\/wp\/v2\/pages\/8","targetHints":{"allow":["GET"]}}],"collection":[{"href":"https:\/\/missionpasimpossible.com\/index.php?rest_route=\/wp\/v2\/pages"}],"about":[{"href":"https:\/\/missionpasimpossible.com\/index.php?rest_route=\/wp\/v2\/types\/page"}],"author":[{"embeddable":true,"href":"https:\/\/missionpasimpossible.com\/index.php?rest_route=\/wp\/v2\/users\/1"}],"replies":[{"embeddable":true,"href":"https:\/\/missionpasimpossible.com\/index.php?rest_route=%2Fwp%2Fv2%2Fcomments&post=8"}],"version-history":[{"count":8,"href":"https:\/\/missionpasimpossible.com\/index.php?rest_route=\/wp\/v2\/pages\/8\/revisions"}],"predecessor-version":[{"id":350,"href":"https:\/\/missionpasimpossible.com\/index.php?rest_route=\/wp\/v2\/pages\/8\/revisions\/350"}],"wp:attachment":[{"href":"https:\/\/missionpasimpossible.com\/index.php?rest_route=%2Fwp%2Fv2%2Fmedia&parent=8"}],"curies":[{"name":"wp","href":"https:\/\/api.w.org\/{rel}","templated":true}]}}