{"id":80,"date":"2018-01-07T18:43:07","date_gmt":"2018-01-07T17:43:07","guid":{"rendered":"http:\/\/missionpasimpossible.com\/?page_id=80"},"modified":"2018-09-01T16:24:14","modified_gmt":"2018-09-01T14:24:14","slug":"marie-a-c","status":"publish","type":"page","link":"https:\/\/missionpasimpossible.com\/?page_id=80","title":{"rendered":"Marie A.-C."},"content":{"rendered":"<h5 dir=\"auto\" style=\"text-align: justify;\">Je suis Marie Aschehoug-Clauteaux, historienne de formation, journaliste de profession et artiste dans l\u2019\u00e2me.<\/h5>\n<h5 dir=\"auto\" style=\"text-align: justify;\">Mari\u00e9e, 3 enfants, j\u2019habite \u00e0 Londres et je suis franco-v\u00e9n\u00e9zu\u00e9lienne.<\/h5>\n<p><img loading=\"lazy\" decoding=\"async\" class=\"wp-image-202 alignright\" src=\"http:\/\/missionpasimpossible.com\/wp-content\/uploads\/2018\/01\/MarieAC1.png\" alt=\"\" width=\"400\" height=\"502\" srcset=\"https:\/\/missionpasimpossible.com\/wp-content\/uploads\/2018\/01\/MarieAC1.png 567w, https:\/\/missionpasimpossible.com\/wp-content\/uploads\/2018\/01\/MarieAC1-239x300.png 239w\" sizes=\"auto, (max-width: 400px) 100vw, 400px\" \/><\/p>\n<h3 dir=\"auto\" style=\"text-align: justify;\">Je peins surtout au pastel \u00e0 l\u2019huile.<\/h3>\n<div dir=\"auto\" style=\"text-align: justify;\">Quelque fois je fais des <strong>petits formats \u00e0 l\u2019acrylique et des dessins d\u2019illustration \u00e0 l\u2019aquarelle<\/strong>. Depuis un an et demi, et parce que j\u2019aime beaucoup l\u2019art de rue, je r\u00e9alise aussi des dessins \u00e0 la craie dans la rue, sur des supports vari\u00e9s, l\u00e0 o\u00f9 ils peuvent le moins d\u00e9ranger.<\/div>\n<h3 dir=\"auto\" style=\"text-align: justify;\">La craie a cel\u00e0 de bien qu\u2019elle n\u2019est pas agressive.<\/h3>\n<div dir=\"auto\" style=\"text-align: justify;\">C\u2019est aussi la technique la plus naturelle et que je puisse le mieux adapter \u00e0 l&rsquo;ext\u00e9rieur, habitu\u00e9e que je suis au pastel \u00e0 l\u2019huile.<\/div>\n","protected":false},"excerpt":{"rendered":"<p>Je suis Marie Aschehoug-Clauteaux, historienne de formation, journaliste de profession et artiste dans l\u2019\u00e2me. Mari\u00e9e, 3 enfants, j\u2019habite \u00e0 Londres et je suis franco-v\u00e9n\u00e9zu\u00e9lienne. Je peins surtout au pastel \u00e0 [&hellip;]<\/p>\n","protected":false},"author":1,"featured_media":0,"parent":0,"menu_order":0,"comment_status":"closed","ping_status":"closed","template":"","meta":{"sfsi_plus_gutenberg_text_before_share":"","sfsi_plus_gutenberg_show_text_before_share":"","sfsi_plus_gutenberg_icon_type":"","sfsi_plus_gutenberg_icon_alignemt":"","sfsi_plus_gutenburg_max_per_row":"","footnotes":""},"class_list":["post-80","page","type-page","status-publish","hentry"],"aioseo_notices":[],"_links":{"self":[{"href":"https:\/\/missionpasimpossible.com\/index.php?rest_route=\/wp\/v2\/pages\/80","targetHints":{"allow":["GET"]}}],"collection":[{"href":"https:\/\/missionpasimpossible.com\/index.php?rest_route=\/wp\/v2\/pages"}],"about":[{"href":"https:\/\/missionpasimpossible.com\/index.php?rest_route=\/wp\/v2\/types\/page"}],"author":[{"embeddable":true,"href":"https:\/\/missionpasimpossible.com\/index.php?rest_route=\/wp\/v2\/users\/1"}],"replies":[{"embeddable":true,"href":"https:\/\/missionpasimpossible.com\/index.php?rest_route=%2Fwp%2Fv2%2Fcomments&post=80"}],"version-history":[{"count":4,"href":"https:\/\/missionpasimpossible.com\/index.php?rest_route=\/wp\/v2\/pages\/80\/revisions"}],"predecessor-version":[{"id":375,"href":"https:\/\/missionpasimpossible.com\/index.php?rest_route=\/wp\/v2\/pages\/80\/revisions\/375"}],"wp:attachment":[{"href":"https:\/\/missionpasimpossible.com\/index.php?rest_route=%2Fwp%2Fv2%2Fmedia&parent=80"}],"curies":[{"name":"wp","href":"https:\/\/api.w.org\/{rel}","templated":true}]}}