{"id":120,"date":"2018-01-20T18:44:13","date_gmt":"2018-01-20T17:44:13","guid":{"rendered":"http:\/\/missionpasimpossible.com\/?post_type=product&#038;p=120"},"modified":"2025-11-16T11:31:32","modified_gmt":"2025-11-16T10:31:32","slug":"badge-metallique-mission-pas-impossible","status":"publish","type":"product","link":"https:\/\/missionpasimpossible.com\/?product=badge-metallique-mission-pas-impossible","title":{"rendered":"Badge m\u00e9tallique"},"content":{"rendered":"<p>Badge m\u00e9tallique sign\u00e9 Mission pas Impossible, tirage limit\u00e9, \u00e9dition 2017\/2018, produit de collection<\/p>\n","protected":false},"excerpt":{"rendered":"<p>Badge m\u00e9tallique sign\u00e9 Mission pas Impossible, tirage limit\u00e9, \u00e9dition 2017\/2018, produit de collection<\/p>\n","protected":false},"featured_media":121,"comment_status":"open","ping_status":"closed","template":"","meta":{"sfsi_plus_gutenberg_text_before_share":"","sfsi_plus_gutenberg_show_text_before_share":"","sfsi_plus_gutenberg_icon_type":"","sfsi_plus_gutenberg_icon_alignemt":"","sfsi_plus_gutenburg_max_per_row":""},"class_list":{"0":"post-120","1":"product","2":"type-product","3":"status-publish","4":"has-post-thumbnail","6":"product_cat-non-classe","7":"product_tag-badge","8":"product_tag-collection","9":"product_tag-metal","11":"first","12":"instock","13":"shipping-taxable","14":"purchasable","15":"product-type-simple"},"aioseo_notices":[],"_links":{"self":[{"href":"https:\/\/missionpasimpossible.com\/index.php?rest_route=\/wp\/v2\/product\/120","targetHints":{"allow":["GET"]}}],"collection":[{"href":"https:\/\/missionpasimpossible.com\/index.php?rest_route=\/wp\/v2\/product"}],"about":[{"href":"https:\/\/missionpasimpossible.com\/index.php?rest_route=\/wp\/v2\/types\/product"}],"replies":[{"embeddable":true,"href":"https:\/\/missionpasimpossible.com\/index.php?rest_route=%2Fwp%2Fv2%2Fcomments&post=120"}],"wp:featuredmedia":[{"embeddable":true,"href":"https:\/\/missionpasimpossible.com\/index.php?rest_route=\/wp\/v2\/media\/121"}],"wp:attachment":[{"href":"https:\/\/missionpasimpossible.com\/index.php?rest_route=%2Fwp%2Fv2%2Fmedia&parent=120"}],"curies":[{"name":"wp","href":"https:\/\/api.w.org\/{rel}","templated":true}]}}