{"id":223,"date":"2018-01-24T16:01:17","date_gmt":"2018-01-24T15:01:17","guid":{"rendered":"http:\/\/missionpasimpossible.com\/?post_type=product&#038;p=223"},"modified":"2026-04-19T10:12:10","modified_gmt":"2026-04-19T08:12:10","slug":"adhesion-simple","status":"publish","type":"product","link":"https:\/\/missionpasimpossible.com\/?product=adhesion-simple","title":{"rendered":"Adh\u00e9sion simple"},"content":{"rendered":"","protected":false},"excerpt":{"rendered":"<h3><span style=\"color: #333399;\">Adh\u00e9sion pour un an : 10\u20ac<\/span><\/h3>\n<p>Cette adh\u00e9sion ne donne pas droit de vote aux Assembl\u00e9es G\u00e9n\u00e9rales.<\/p>\n<p>Envoi du re\u00e7u et de la carte d&rsquo;adh\u00e9rent, n&rsquo;oubliez pas d&rsquo;indiquer votre adresse !<\/p>\n","protected":false},"featured_media":226,"comment_status":"open","ping_status":"closed","template":"","meta":{"sfsi_plus_gutenberg_text_before_share":"","sfsi_plus_gutenberg_show_text_before_share":"","sfsi_plus_gutenberg_icon_type":"","sfsi_plus_gutenberg_icon_alignemt":"","sfsi_plus_gutenburg_max_per_row":""},"class_list":{"0":"post-223","1":"product","2":"type-product","3":"status-publish","4":"has-post-thumbnail","6":"product_cat-non-classe","8":"first","9":"instock","10":"virtual","11":"sold-individually","12":"purchasable","13":"product-type-simple"},"aioseo_notices":[],"_links":{"self":[{"href":"https:\/\/missionpasimpossible.com\/index.php?rest_route=\/wp\/v2\/product\/223","targetHints":{"allow":["GET"]}}],"collection":[{"href":"https:\/\/missionpasimpossible.com\/index.php?rest_route=\/wp\/v2\/product"}],"about":[{"href":"https:\/\/missionpasimpossible.com\/index.php?rest_route=\/wp\/v2\/types\/product"}],"replies":[{"embeddable":true,"href":"https:\/\/missionpasimpossible.com\/index.php?rest_route=%2Fwp%2Fv2%2Fcomments&post=223"}],"wp:featuredmedia":[{"embeddable":true,"href":"https:\/\/missionpasimpossible.com\/index.php?rest_route=\/wp\/v2\/media\/226"}],"wp:attachment":[{"href":"https:\/\/missionpasimpossible.com\/index.php?rest_route=%2Fwp%2Fv2%2Fmedia&parent=223"}],"curies":[{"name":"wp","href":"https:\/\/api.w.org\/{rel}","templated":true}]}}